{"id":52,"date":"2021-09-26T14:00:41","date_gmt":"2021-09-26T12:00:41","guid":{"rendered":"https:\/\/www.assertis.be\/?page_id=52"},"modified":"2021-12-16T10:48:27","modified_gmt":"2021-12-16T09:48:27","slug":"courtier","status":"publish","type":"page","link":"https:\/\/www.assertis.be\/index.php\/courtier\/","title":{"rendered":"Courtier"},"content":{"rendered":"<p>[et_pb_section fb_built=&#8221;1&#8243; admin_label=&#8221;Hero&#8221; _builder_version=&#8221;4.10.8&#8243; background_image=&#8221;https:\/\/www.assertis.be\/wp-content\/uploads\/2021\/10\/courtier2-scaled.jpg&#8221; height=&#8221;607px&#8221; custom_margin=&#8221;|||&#8221; custom_padding=&#8221;180px||0px|&#8221; bottom_divider_color=&#8221;#ffffff&#8221; bottom_divider_flip=&#8221;horizontal&#8221; animation_style=&#8221;slide&#8221; animation_direction=&#8221;top&#8221; animation_intensity_slide=&#8221;5%&#8221; animation_starting_opacity=&#8221;100%&#8221; global_colors_info=&#8221;{}&#8221;][et_pb_row column_structure=&#8221;3_4,1_4&#8243; _builder_version=&#8221;3.25&#8243; background_size=&#8221;initial&#8221; background_position=&#8221;top_left&#8221; background_repeat=&#8221;repeat&#8221; custom_padding=&#8221;27px|0px|0px|0px&#8221; global_colors_info=&#8221;{}&#8221;][et_pb_column type=&#8221;3_4&#8243; _builder_version=&#8221;3.25&#8243; custom_padding=&#8221;|||&#8221; global_colors_info=&#8221;{}&#8221; custom_padding__hover=&#8221;|||&#8221;][et_pb_text admin_label=&#8221;Title&#8221; _builder_version=&#8221;4.10.8&#8243; text_font=&#8221;||||||||&#8221; header_font=&#8221;Montserrat|600|||||||&#8221; header_font_size=&#8221;37px&#8221; header_line_height=&#8221;1.2em&#8221; background_color=&#8221;rgba(0,0,0,0.34)&#8221; background_layout=&#8221;dark&#8221; custom_padding=&#8221;10px|10px|10px|10px|false|false&#8221; animation_style=&#8221;zoom&#8221; animation_direction=&#8221;left&#8221; animation_intensity_zoom=&#8221;10%&#8221; header_font_size_tablet=&#8221;&#8221; header_font_size_phone=&#8221;36px&#8221; header_font_size_last_edited=&#8221;on|phone&#8221; global_colors_info=&#8221;{}&#8221;]<\/p>\n<h1><b>Votre courtier Assertis, partenaire de votre tranquillit\u00e9 d\u2019esprit<\/b><\/h1>\n<p>[\/et_pb_text][et_pb_button button_url=&#8221;https:\/\/www.assertis.be\/index.php\/contact\/&#8221; button_text=&#8221;Contactez-nous !&#8221; button_alignment=&#8221;left&#8221; _builder_version=&#8221;4.10.8&#8243; custom_button=&#8221;on&#8221; button_text_size=&#8221;14px&#8221; button_text_color=&#8221;#FFFFFF&#8221; button_bg_color=&#8221;#E09900&#8243; button_border_width=&#8221;2px&#8221; button_border_color=&#8221;#FFFFFF&#8221; button_border_radius=&#8221;53px&#8221; button_font=&#8221;Montserrat|500||on|||||&#8221; button_icon=&#8221;%%40%%&#8221; button_icon_color=&#8221;#FFFFFF&#8221; button_icon_placement=&#8221;left&#8221; button_on_hover=&#8221;off&#8221; background_layout=&#8221;dark&#8221; custom_padding=&#8221;20px|45px|20px|45px&#8221; animation_style=&#8221;fade&#8221; button_text_shadow_style=&#8221;preset1&#8243; locked=&#8221;off&#8221; global_colors_info=&#8221;{}&#8221; button_text_size__hover_enabled=&#8221;off&#8221; button_one_text_size__hover_enabled=&#8221;off&#8221; button_two_text_size__hover_enabled=&#8221;off&#8221; button_text_color__hover_enabled=&#8221;off&#8221; button_one_text_color__hover_enabled=&#8221;off&#8221; button_two_text_color__hover_enabled=&#8221;off&#8221; button_border_width__hover_enabled=&#8221;off&#8221; button_one_border_width__hover_enabled=&#8221;off&#8221; button_two_border_width__hover_enabled=&#8221;off&#8221; button_border_color__hover_enabled=&#8221;off&#8221; button_one_border_color__hover_enabled=&#8221;off&#8221; button_two_border_color__hover_enabled=&#8221;off&#8221; button_border_radius__hover_enabled=&#8221;off&#8221; button_one_border_radius__hover_enabled=&#8221;off&#8221; button_two_border_radius__hover_enabled=&#8221;off&#8221; button_letter_spacing__hover_enabled=&#8221;off&#8221; button_one_letter_spacing__hover_enabled=&#8221;off&#8221; button_two_letter_spacing__hover_enabled=&#8221;off&#8221; button_bg_color__hover_enabled=&#8221;off&#8221; button_one_bg_color__hover_enabled=&#8221;off&#8221; button_two_bg_color__hover_enabled=&#8221;off&#8221;][\/et_pb_button][\/et_pb_column][et_pb_column type=&#8221;1_4&#8243; _builder_version=&#8221;3.25&#8243; custom_padding=&#8221;|||&#8221; global_colors_info=&#8221;{}&#8221; custom_padding__hover=&#8221;|||&#8221;][\/et_pb_column][\/et_pb_row][\/et_pb_section][et_pb_section fb_built=&#8221;1&#8243; admin_label=&#8221;About&#8221; _builder_version=&#8221;3.22&#8243; custom_padding=&#8221;0px||22px|||&#8221; global_colors_info=&#8221;{}&#8221;][et_pb_row column_structure=&#8221;1_2,1_2&#8243; _builder_version=&#8221;4.10.8&#8243; background_enable_image=&#8221;off&#8221; background_size=&#8221;contain&#8221; width=&#8221;100%&#8221; module_alignment=&#8221;center&#8221; custom_margin=&#8221;39px|20px|18px|20px|false|false&#8221; custom_margin_tablet=&#8221;0px|||&#8221; custom_margin_phone=&#8221;0px|||&#8221; custom_margin_last_edited=&#8221;off|desktop&#8221; custom_padding=&#8221;40px|20px|40px|20px|false|false&#8221; locked=&#8221;off&#8221; global_colors_info=&#8221;{}&#8221;][et_pb_column type=&#8221;1_2&#8243; _builder_version=&#8221;4.10.8&#8243; _module_preset=&#8221;default&#8221; global_colors_info=&#8221;{}&#8221;][et_pb_image src=&#8221;https:\/\/www.assertis.be\/wp-content\/uploads\/2021\/12\/courtier01.jpg&#8221; alt=&#8221;assertis courtier en assurances&#8221; title_text=&#8221;courtier01&#8243; _builder_version=&#8221;4.10.8&#8243; _module_preset=&#8221;default&#8221; global_colors_info=&#8221;{}&#8221;][\/et_pb_image][\/et_pb_column][et_pb_column type=&#8221;1_2&#8243; _builder_version=&#8221;4.10.8&#8243; background_color_gradient_direction=&#8221;35deg&#8221; custom_padding=&#8221;|20px|60px||false|false&#8221; custom_padding_tablet=&#8221;|0px||&#8221; custom_padding_phone=&#8221;&#8221; custom_padding_last_edited=&#8221;on|desktop&#8221; global_colors_info=&#8221;{}&#8221; padding_tablet=&#8221;|0px||&#8221; padding_last_edited=&#8221;on|desktop&#8221; custom_padding__hover=&#8221;|||&#8221;][et_pb_text _builder_version=&#8221;4.10.8&#8243; text_font=&#8221;Montserrat|300|||||||&#8221; text_font_size=&#8221;16px&#8221; text_line_height=&#8221;1.8em&#8221; animation_style=&#8221;slide&#8221; animation_direction=&#8221;right&#8221; animation_intensity_slide=&#8221;5%&#8221; animation_starting_opacity=&#8221;100%&#8221; global_colors_info=&#8221;{}&#8221;]<\/p>\n<h3>Tout d\u2019abord, coupons court \u00e0 une id\u00e9e re\u00e7ue sur les courtiers en assurance\u00a0:<\/h3>\n<p>&nbsp;<\/p>\n<p>Non, <b>faire appel \u00e0 un interm\u00e9diaire ne vous co\u00fbtera pas plus cher<\/b> que de signer vos contrats directement avec les compagnies. Ni \u00e0 court terme (au moment du paiement de votre prime), ni \u00e0 long terme (sur le niveau de couverture ou d\u2019indemnisation d\u2019un sinistre). Que du contraire\u00a0! Souvenez-vous que le courtier est pay\u00e9 par le client et agit pour le compte de ce dernier, non pour la compagnie\u2026<\/p>\n<p><b>La d\u00e9fense de vos int\u00e9r\u00eats<\/b>,<b> <\/b>votre satisfaction et<b> votre confiance <\/b>\u00e0 long terme<b> constituent donc les moteurs de votre courtier<\/b>. Chez Assertis, outre un contact humain et direct avec votre conseiller d\u00e9di\u00e9, nous vous proposons une application qui vous donnera, \u00e0 tout moment, une vision d\u2019ensemble et de d\u00e9tail sur votre portefeuille d\u2019assurances, les documents et contrats, et m\u00eame sur le temps que nous consacrons \u00e0 vos dossiers\u00a0!<\/p>\n<p>[\/et_pb_text][et_pb_button button_url=&#8221;https:\/\/www.assertis.be\/index.php\/contact\/&#8221; button_text=&#8221;Contactez-nous !&#8221; button_alignment=&#8221;left&#8221; _builder_version=&#8221;4.10.8&#8243; custom_button=&#8221;on&#8221; button_text_size=&#8221;10px&#8221; button_bg_color=&#8221;#0D9BDD&#8221; button_border_width=&#8221;0px&#8221; button_border_radius=&#8221;53px&#8221; button_font=&#8221;Montserrat|500||on|||||&#8221; button_use_icon=&#8221;off&#8221; background_layout=&#8221;dark&#8221; custom_padding=&#8221;20px|45px|20px|45px&#8221; animation_style=&#8221;fade&#8221; locked=&#8221;off&#8221; global_colors_info=&#8221;{}&#8221; button_text_size__hover_enabled=&#8221;off&#8221; button_one_text_size__hover_enabled=&#8221;off&#8221; button_two_text_size__hover_enabled=&#8221;off&#8221; button_text_color__hover_enabled=&#8221;off&#8221; button_one_text_color__hover_enabled=&#8221;off&#8221; button_two_text_color__hover_enabled=&#8221;off&#8221; button_border_width__hover_enabled=&#8221;off&#8221; button_one_border_width__hover_enabled=&#8221;off&#8221; button_two_border_width__hover_enabled=&#8221;off&#8221; button_border_color__hover_enabled=&#8221;off&#8221; button_one_border_color__hover_enabled=&#8221;off&#8221; button_two_border_color__hover_enabled=&#8221;off&#8221; button_border_radius__hover_enabled=&#8221;off&#8221; button_one_border_radius__hover_enabled=&#8221;off&#8221; button_two_border_radius__hover_enabled=&#8221;off&#8221; button_letter_spacing__hover_enabled=&#8221;off&#8221; button_one_letter_spacing__hover_enabled=&#8221;off&#8221; button_two_letter_spacing__hover_enabled=&#8221;off&#8221; button_bg_color__hover_enabled=&#8221;off&#8221; button_one_bg_color__hover_enabled=&#8221;off&#8221; button_two_bg_color__hover_enabled=&#8221;off&#8221;][\/et_pb_button][\/et_pb_column][\/et_pb_row][\/et_pb_section][et_pb_section fb_built=&#8221;1&#8243; admin_label=&#8221;Resources&#8221; _builder_version=&#8221;3.22&#8243; custom_margin=&#8221;|||&#8221; custom_padding=&#8221;10px|||||&#8221; global_colors_info=&#8221;{}&#8221;][et_pb_row _builder_version=&#8221;3.25&#8243; global_colors_info=&#8221;{}&#8221;][et_pb_column type=&#8221;4_4&#8243; _builder_version=&#8221;3.25&#8243; custom_padding=&#8221;|||&#8221; global_colors_info=&#8221;{}&#8221; custom_padding__hover=&#8221;|||&#8221;][et_pb_text admin_label=&#8221;Title&#8221; _builder_version=&#8221;4.10.8&#8243; text_font=&#8221;||||||||&#8221; header_font=&#8221;||||||||&#8221; header_2_font=&#8221;Montserrat|500|||||||&#8221; header_2_text_align=&#8221;center&#8221; header_2_font_size=&#8221;30px&#8221; header_2_line_height=&#8221;1.4em&#8221; animation_style=&#8221;fade&#8221; global_colors_info=&#8221;{}&#8221;]<\/p>\n<h2><b>Pourquoi faire appel \u00e0 un courtier en assurances\u00a0?<\/b><\/h2>\n<p>[\/et_pb_text][\/et_pb_column][\/et_pb_row][et_pb_row column_structure=&#8221;1_5,1_5,1_5,1_5,1_5&#8243; _builder_version=&#8221;3.25&#8243; custom_margin=&#8221;9px|auto||auto||&#8221; global_colors_info=&#8221;{}&#8221;][et_pb_column type=&#8221;1_5&#8243; _builder_version=&#8221;3.25&#8243; custom_padding=&#8221;|||&#8221; global_colors_info=&#8221;{}&#8221; custom_padding__hover=&#8221;|||&#8221;][et_pb_blurb alt=&#8221;picto-assertis&#8221; icon_alignment=&#8221;left&#8221; image_max_width=&#8221;30%&#8221; _builder_version=&#8221;4.10.8&#8243; header_font=&#8221;Montserrat|500|||||||&#8221; header_line_height=&#8221;1.8em&#8221; body_font=&#8221;Montserrat|300|||||||&#8221; body_font_size=&#8221;17px&#8221; body_line_height=&#8221;1.8em&#8221; animation_style=&#8221;fade&#8221; border_color_all_image=&#8221;#&#8221; global_colors_info=&#8221;{}&#8221;]<\/p>\n<p><span><\/span><b>Couverture<\/b> parfaitement <b>adapt\u00e9e<\/b> \u00e0 vos besoins<\/p>\n<p>[\/et_pb_blurb][\/et_pb_column][et_pb_column type=&#8221;1_5&#8243; _builder_version=&#8221;3.25&#8243; custom_padding=&#8221;|||&#8221; global_colors_info=&#8221;{}&#8221; custom_padding__hover=&#8221;|||&#8221;][et_pb_blurb alt=&#8221;picto-assertis&#8221; icon_alignment=&#8221;left&#8221; image_max_width=&#8221;30%&#8221; _builder_version=&#8221;4.10.8&#8243; header_font=&#8221;Montserrat|500|||||||&#8221; header_line_height=&#8221;1.8em&#8221; body_font=&#8221;Montserrat|300|||||||&#8221; body_font_size=&#8221;17px&#8221; body_line_height=&#8221;1.8em&#8221; animation_style=&#8221;fade&#8221; border_color_all_image=&#8221;#&#8221; global_colors_info=&#8221;{}&#8221;]<\/p>\n<p><span><\/span><b>Gain de temps<\/b>, et des<b> primes justes<\/b><\/p>\n<p>[\/et_pb_blurb][\/et_pb_column][et_pb_column type=&#8221;1_5&#8243; _builder_version=&#8221;3.25&#8243; custom_padding=&#8221;|||&#8221; global_colors_info=&#8221;{}&#8221; custom_padding__hover=&#8221;|||&#8221;][et_pb_blurb alt=&#8221;picto-assertis&#8221; icon_alignment=&#8221;left&#8221; image_max_width=&#8221;30%&#8221; _builder_version=&#8221;4.10.8&#8243; header_font=&#8221;Montserrat|500|||||||&#8221; header_line_height=&#8221;1.8em&#8221; body_font=&#8221;Montserrat|300|||||||&#8221; body_font_size=&#8221;17px&#8221; body_line_height=&#8221;1.8em&#8221; animation_style=&#8221;fade&#8221; border_color_all_image=&#8221;#&#8221; global_colors_info=&#8221;{}&#8221;]<\/p>\n<p><span><\/span>Suivi personnalis\u00e9 par un <b>interlocuteur unique<\/b><\/p>\n<p>[\/et_pb_blurb][\/et_pb_column][et_pb_column type=&#8221;1_5&#8243; _builder_version=&#8221;3.25&#8243; custom_padding=&#8221;|||&#8221; global_colors_info=&#8221;{}&#8221; custom_padding__hover=&#8221;|||&#8221;][et_pb_blurb alt=&#8221;picto-assertis&#8221; icon_alignment=&#8221;left&#8221; image_max_width=&#8221;30%&#8221; _builder_version=&#8221;4.10.8&#8243; header_font=&#8221;Montserrat|500|||||||&#8221; header_line_height=&#8221;1.8em&#8221; body_font=&#8221;Montserrat|300|||||||&#8221; body_font_size=&#8221;17px&#8221; body_line_height=&#8221;1.8em&#8221; animation_style=&#8221;fade&#8221; border_color_all_image=&#8221;#&#8221; global_colors_info=&#8221;{}&#8221;]<\/p>\n<p><span><\/span><b>Assistance <\/b>aux d\u00e9marches administratives<\/p>\n<p>[\/et_pb_blurb][\/et_pb_column][et_pb_column type=&#8221;1_5&#8243; _builder_version=&#8221;3.25&#8243; custom_padding=&#8221;|||&#8221; global_colors_info=&#8221;{}&#8221; custom_padding__hover=&#8221;|||&#8221;][et_pb_blurb alt=&#8221;picto-assertis&#8221; icon_alignment=&#8221;left&#8221; image_max_width=&#8221;30%&#8221; _builder_version=&#8221;4.10.8&#8243; header_font=&#8221;Montserrat|500|||||||&#8221; header_line_height=&#8221;1.8em&#8221; body_font=&#8221;Montserrat|300|||||||&#8221; body_font_size=&#8221;17px&#8221; body_line_height=&#8221;1.8em&#8221; animation_style=&#8221;fade&#8221; border_color_all_image=&#8221;#&#8221; global_colors_info=&#8221;{}&#8221;]<\/p>\n<p><span><\/span><b>Audit possible de votre portefeuille<\/b> existant (couverture, risques, assurabilit\u00e9)<\/p>\n<p>[\/et_pb_blurb][\/et_pb_column][\/et_pb_row][\/et_pb_section]<\/p>\n","protected":false},"excerpt":{"rendered":"<p>Votre courtier Assertis, partenaire de votre tranquillit\u00e9 d\u2019espritTout d\u2019abord, coupons court \u00e0 une id\u00e9e re\u00e7ue sur les courtiers en assurance\u00a0: &nbsp; Non, faire appel \u00e0 un interm\u00e9diaire ne vous co\u00fbtera pas plus cher que de signer vos contrats directement avec les compagnies. Ni \u00e0 court terme (au moment du paiement de votre prime), ni \u00e0 [&hellip;]<\/p>\n","protected":false},"author":2,"featured_media":0,"parent":0,"menu_order":0,"comment_status":"closed","ping_status":"closed","template":"","meta":{"_et_pb_use_builder":"on","_et_pb_old_content":"","_et_gb_content_width":""},"_links":{"self":[{"href":"https:\/\/www.assertis.be\/index.php\/wp-json\/wp\/v2\/pages\/52"}],"collection":[{"href":"https:\/\/www.assertis.be\/index.php\/wp-json\/wp\/v2\/pages"}],"about":[{"href":"https:\/\/www.assertis.be\/index.php\/wp-json\/wp\/v2\/types\/page"}],"author":[{"embeddable":true,"href":"https:\/\/www.assertis.be\/index.php\/wp-json\/wp\/v2\/users\/2"}],"replies":[{"embeddable":true,"href":"https:\/\/www.assertis.be\/index.php\/wp-json\/wp\/v2\/comments?post=52"}],"version-history":[{"count":13,"href":"https:\/\/www.assertis.be\/index.php\/wp-json\/wp\/v2\/pages\/52\/revisions"}],"predecessor-version":[{"id":265,"href":"https:\/\/www.assertis.be\/index.php\/wp-json\/wp\/v2\/pages\/52\/revisions\/265"}],"wp:attachment":[{"href":"https:\/\/www.assertis.be\/index.php\/wp-json\/wp\/v2\/media?parent=52"}],"curies":[{"name":"wp","href":"https:\/\/api.w.org\/{rel}","templated":true}]}}